{"id":571,"date":"2018-04-17T15:52:07","date_gmt":"2018-04-17T15:52:07","guid":{"rendered":"https:\/\/www.sb3.it\/?page_id=571"},"modified":"2018-04-24T13:51:07","modified_gmt":"2018-04-24T13:51:07","slug":"faq","status":"publish","type":"page","link":"https:\/\/www.sb3.it\/it\/faq\/","title":{"rendered":"FAQ"},"content":{"rendered":"[vc_row type=&#8221;full_width_background&#8221; full_screen_row_position=&#8221;middle&#8221; equal_height=&#8221;yes&#8221; content_placement=&#8221;top&#8221; bg_color=&#8221;#ffffff&#8221; scene_position=&#8221;center&#8221; text_color=&#8221;dark&#8221; text_align=&#8221;left&#8221; top_padding=&#8221;0&#8243; overlay_strength=&#8221;0.3&#8243; shape_divider_position=&#8221;bottom&#8221; shape_type=&#8221;&#8221;][vc_column column_padding=&#8221;no-extra-padding&#8221; column_padding_position=&#8221;all&#8221; background_color_opacity=&#8221;1&#8243; background_hover_color_opacity=&#8221;1&#8243; column_shadow=&#8221;none&#8221; column_border_radius=&#8221;none&#8221; top_margin=&#8221;0&#8243; el_class=&#8221;colonna_pag_faq&#8221; width=&#8221;1\/1&#8243; tablet_text_alignment=&#8221;default&#8221; phone_text_alignment=&#8221;default&#8221; column_border_width=&#8221;none&#8221; column_border_style=&#8221;solid&#8221;][vc_row_inner column_margin=&#8221;default&#8221; text_align=&#8221;left&#8221;][vc_column_inner enable_animation=&#8221;true&#8221; animation=&#8221;fade-in-from-bottom&#8221; column_padding=&#8221;no-extra-padding&#8221; column_padding_position=&#8221;all&#8221; background_color_opacity=&#8221;1&#8243; background_hover_color_opacity=&#8221;1&#8243; column_shadow=&#8221;none&#8221; column_border_radius=&#8221;none&#8221; width=&#8221;1\/1&#8243; column_border_width=&#8221;none&#8221; column_border_style=&#8221;solid&#8221;][vc_custom_heading text=&#8221;<i>SB3 \/<\/i> FAQ&#8221; font_container=&#8221;tag:div|text_align:left|color:%237a7a7a&#8221; use_theme_fonts=&#8221;yes&#8221; css=&#8221;.vc_custom_1524228653614{margin-top: 65px !important;margin-bottom: 10px !important;}&#8221; el_class=&#8221;etichetta&#8221;][vc_custom_heading text=&#8221;Domande frequenti&#8221; font_container=&#8221;tag:h2|font_size:40|text_align:left|line_height:50px&#8221; use_theme_fonts=&#8221;yes&#8221; css=&#8221;.vc_custom_1524235765808{margin-bottom: 0px !important;}&#8221;][\/vc_column_inner][\/vc_row_inner][\/vc_column][\/vc_row][vc_row type=&#8221;full_width_background&#8221; full_screen_row_position=&#8221;middle&#8221; bg_color=&#8221;rgba(100,95,155,0.4)&#8221; scene_position=&#8221;center&#8221; text_color=&#8221;dark&#8221; text_align=&#8221;left&#8221; top_padding=&#8221;4%&#8221; bottom_padding=&#8221;4%&#8221; overlay_strength=&#8221;0.3&#8243; shape_divider_position=&#8221;bottom&#8221; shape_type=&#8221;&#8221;][vc_column column_padding=&#8221;padding-4-percent&#8221; column_padding_position=&#8221;left-right&#8221; background_color_opacity=&#8221;1&#8243; background_hover_color_opacity=&#8221;1&#8243; font_color=&#8221;#000000&#8243; column_shadow=&#8221;none&#8221; column_border_radius=&#8221;none&#8221; width=&#8221;1\/1&#8243; tablet_text_alignment=&#8221;default&#8221; phone_text_alignment=&#8221;default&#8221; column_border_width=&#8221;none&#8221; column_border_style=&#8221;solid&#8221;][vc_column_text el_class=&#8221;type_third&#8221;]\n<h3 class=\"third_type\">I prototipi<\/h3>\n[\/vc_column_text]<div class=\"toggles \" data-style=\"minimal\"><div class=\"toggle extra-color-1\"><h3><a href=\"#\"><i class=\"icon-plus-sign\"><\/i>A cosa serve un prototipo?<\/a><\/h3><div>[vc_column_text el_class=&#8221;testo-black&#8221;]Un prototipo serve per verificare la bont\u00e0 di un progetto senza realizzare attrezzature definitive. Con i sistemi attuali \u00e8 possibile ottenere un oggetto direttamente da un cad 3D.[\/vc_column_text]<\/div><\/div><div class=\"toggle extra-color-1\"><h3><a href=\"#\"><i class=\"icon-plus-sign\"><\/i>Come si pu\u00f2 costruire un prototipo?<\/a><\/h3><div>[vc_column_text]Ci sono tre modi di realizzare un prototipo:<\/p>\n<ul>\n<li>manuale: il modellista crea il pezzo tagliando, incollando e lavorando materiali grezzi.<\/li>\n<li>tradizionale: il prototipo \u00e8 ottenuto usando la lavorazione meccanica con asportazione di truciolo.<\/li>\n<li>prototipazione rapida: l&#8217;oggetto \u00e8 creato a strati in modo additivo con un sistema di prototipazione rapida.<\/li>\n<\/ul>\n[\/vc_column_text]<\/div><\/div><div class=\"toggle extra-color-1\"><h3><a href=\"#\"><i class=\"icon-plus-sign\"><\/i>A chi serve il prototipo?<\/a><\/h3><div>[vc_column_text]Il prototipo serve a designers (per verificare l&#8217;estetica), progettisiti (per verificare la bont\u00e0 del progetto), stampisiti (per una visione pi\u00f9 chiara della costruzione dello stampo), marketing (per presentare un prodotto senza creare un&#8217;attrezzatura definitiva).[\/vc_column_text]<\/div><\/div><div class=\"toggle extra-color-1\"><h3><a href=\"#\"><i class=\"icon-plus-sign\"><\/i>Quanti tipi di prototipi rapidi si possono realizzare?<\/a><\/h3><div>[vc_column_text]Ci sono diverse tecnologie per costruire prototipi rapidi. Oggi se ne usano fondamentalmente 2: sinterizzazione laser selettiva e stereolitografia. La prima offre maggior consistenza meccanica della parte a costi e precisioni inferiore, la seconda offre una precisione notevole a costi elevati e consistenza meccanica pi\u00f9 bassa.[\/vc_column_text]<\/div><\/div><\/div>[vc_column_text css=&#8221;.vc_custom_1524228174858{margin-top: 50px !important;}&#8221; el_class=&#8221;type_third&#8221;]\n<h3 class=\"third_type\">Caratteristiche Tecniche<\/h3>\n[\/vc_column_text]<div class=\"toggles \" data-style=\"minimal\"><div class=\"toggle extra-color-1\"><h3><a href=\"#\"><i class=\"icon-plus-sign\"><\/i>Quali sono le dimensioni massime di un prototipo rapido?<\/a><\/h3><div>[vc_column_text el_class=&#8221;colore&#8221;]Dipende dal sistema di prototipazione utilizzato. In ABS, ad esempio, \u00e8 possibile realizzare pezzi fino a 250 x 250 x 250mm, in nylon sinterizzato pezzi monolitici di 300 x 300 x 600 mm.[\/vc_column_text]<\/div><\/div><div class=\"toggle extra-color-1\"><h3><a href=\"#\"><i class=\"icon-plus-sign\"><\/i>Cos'\u00e8 un STL?<\/a><\/h3><div>[vc_column_text]\u00c8 l&#8217;acronimo di\u00a0 &#8220;Standard Triangulation Language&#8221;, la triangolazione delle superfici di un oggetto che serve come punto di partenza per tutti i sistemi di prototipazione rapida.[\/vc_column_text]<\/div><\/div><\/div>[vc_column_text css=&#8221;.vc_custom_1524228181142{margin-top: 50px !important;}&#8221; el_class=&#8221;type_third&#8221;]\n<h3 class=\"third_type\">Officina<\/h3>\n[\/vc_column_text]<div class=\"toggles \" data-style=\"minimal\"><div class=\"toggle extra-color-1\"><h3><a href=\"#\"><i class=\"icon-plus-sign\"><\/i>Cos'\u00e8 un percorso utensile?<\/a><\/h3><div>[vc_column_text el_class=&#8221;colore&#8221;]\u00c8 una serie spostamenti, sotto forma di coordinate, che la macchina utensile esegue per la realizzazione di un pezzo.[\/vc_column_text]<\/div><\/div><div class=\"toggle extra-color-1\"><h3><a href=\"#\"><i class=\"icon-plus-sign\"><\/i>Cos'\u00e8 la fresatura ad alta velocit\u00e0?<\/a><\/h3><div>[vc_column_text el_class=&#8221;colore&#8221;]\u00c8 una lavorazione meccanica che sfrutta l&#8217;alta velocit\u00e0 di rotazione e il movimento rapido dell&#8217;utensile per asportare truciolo. \u00c8 particolarmente indicata per finiture e superfiniture di un pezzo. Si affianca alla lavorazione tradizionale dove il numero di giri del mandrino \u00e8 minore.[\/vc_column_text]<\/div><\/div><\/div>[vc_column_text css=&#8221;.vc_custom_1524496140813{margin-top: 50px !important;}&#8221; el_class=&#8221;type_third&#8221;]\n<h3 class=\"third_type\">Reverse Engineering e Modellazione<\/h3>\n[\/vc_column_text]<div class=\"toggles \" data-style=\"minimal\"><div class=\"toggle extra-color-1\"><h3><a href=\"#\"><i class=\"icon-plus-sign\"><\/i>Cosa si intende con CAD?<\/a><\/h3><div>[vc_column_text el_class=&#8221;colore&#8221;]\u00c8 un software usato per la progettazione. CAD \u00e8 l&#8217;acronimo di Computer Aided Design. Con i moderni sistemi si pu\u00f2 disegnare qualunque oggetto.[\/vc_column_text]<\/div><\/div><div class=\"toggle extra-color-1\"><h3><a href=\"#\"><i class=\"icon-plus-sign\"><\/i>Cos'\u00e8 il Reverse Enginering (RE)?<\/a><\/h3><div>[vc_column_text el_class=&#8221;colore&#8221;]\u00c8 la realizzazione di una matematica partendo da un pezzo fisico esistente. Si parte da una scansione dell&#8217;oggetto per ottenere una nuvola di punti che serve come appoggio per ricostruire il 3D.[\/vc_column_text]<\/div><\/div><\/div>[vc_column_text css=&#8221;.vc_custom_1524496150765{margin-top: 50px !important;}&#8221; el_class=&#8221;type_third&#8221;]\n<h3 class=\"third_type\">La preparazione dei file: consigli utili<\/h3>\n[\/vc_column_text]<div class=\"toggles \" data-style=\"minimal\"><div class=\"toggle extra-color-1\"><h3><a href=\"#\"><i class=\"icon-plus-sign\"><\/i>Formato del file<\/a><\/h3><div>[vc_column_text el_class=&#8221;colore&#8221;]Come gi\u00e0 indicato, il formato pi\u00f9 diffuso \u00e8 l&#8217;STL. Altri formati accettati sono: STP, IGES, IGS, STEP, DWF. In caso si riveli necessario inviare pi\u00f9 di un file, si consiglia di racchiudere tutto il materiale all&#8217;interno di un archivio (ZIP o RAR) e di effettuare un unico upload.[\/vc_column_text]<\/div><\/div><div class=\"toggle extra-color-1\"><h3><a href=\"#\"><i class=\"icon-plus-sign\"><\/i>Dimensioni del file<\/a><\/h3><div>[vc_column_text el_class=&#8221;colore&#8221;]Le dimensioni massime dei file caricabili attraverso il modulo di richiesta preventivo sono di 25 MB. Per file di dimensioni superiori ti invitiamo a contattarci via email (<a href=\"mailto:info@sb3.it\">info@sb3.it<\/a>)per richiedere informazioni su come procedere.[\/vc_column_text]<\/div><\/div><div class=\"toggle extra-color-1\"><h3><a href=\"#\"><i class=\"icon-plus-sign\"><\/i>Parametri di tolleranza<\/a><\/h3><div>[vc_column_text el_class=&#8221;colore&#8221;]Nella preparazione dei file STL da inviare, consigliamo di impostare i parametri di tolleranza secondo le indicazioni seguenti: 0,001mm per le geometrie pi\u00f9 piccole e 0,02 mm per quelle di dimensioni pi\u00f9, mantenendo comunque presente che nella maggioranza dei processi di prototipazione rapida lo spessore minimo richiesto \u00e8 pari a 0,6 mm.[\/vc_column_text]<\/div><\/div><div class=\"toggle extra-color-1\"><h3><a href=\"#\"><i class=\"icon-plus-sign\"><\/i>Supporto nella preparazione<\/a><\/h3><div>[vc_column_text el_class=&#8221;colore&#8221;]In caso fosse necessario elaborare file particolari, file ad alta qualit\u00e0 di dimensioni particolarmente importanti oppure fosse semplicemente necessario un supporto nella preparazione dei 3D da inviare, ti suggeriamo di contattarci via email (<a href=\"mailto:info@sb3.it\">info@sb3.it<\/a>): il personale del nostro ufficio tecnico sar\u00e0 a tua disposizione per fornirti tutti i chiarimenti necessari.[\/vc_column_text]<\/div><\/div><\/div>[\/vc_column][\/vc_row][vc_row type=&#8221;full_width_content&#8221; full_screen_row_position=&#8221;middle&#8221; equal_height=&#8221;yes&#8221; content_placement=&#8221;middle&#8221; scene_position=&#8221;center&#8221; text_color=&#8221;light&#8221; text_align=&#8221;left&#8221; top_padding=&#8221;0%&#8221; class=&#8221;prefooter&#8221; overlay_strength=&#8221;0.3&#8243; shape_divider_position=&#8221;bottom&#8221; shape_type=&#8221;&#8221;][vc_column enable_animation=&#8221;true&#8221; animation=&#8221;grow-in&#8221; centered_text=&#8221;true&#8221; column_padding=&#8221;padding-6-percent&#8221; column_padding_position=&#8221;all&#8221; background_color=&#8221;#2d2d2d&#8221; background_color_opacity=&#8221;0.4&#8243; background_hover_color_opacity=&#8221;0.4&#8243; background_image=&#8221;444&#8243; enable_bg_scale=&#8221;true&#8221; column_shadow=&#8221;none&#8221; column_border_radius=&#8221;none&#8221; width=&#8221;1\/2&#8243; tablet_text_alignment=&#8221;default&#8221; phone_text_alignment=&#8221;default&#8221; column_border_width=&#8221;none&#8221; column_border_style=&#8221;solid&#8221;]<div class=\"divider-wrap\"><div style=\"height: 100px;\" class=\"divider\"><\/div><\/div>[vc_custom_heading text=&#8221;<i>SB3 \/<\/i> Richiedi un preventivo&#8221; font_container=&#8221;tag:h5|text_align:center|color:rgba(255%2C255%2C255%2C0.7)&#8221; use_theme_fonts=&#8221;yes&#8221; el_class=&#8221;etichetta no-opacity &#8220;][vc_custom_heading text=&#8221;Richiedi un preventivo&#8221; font_container=&#8221;tag:h2|text_align:center|color:%23ffffff&#8221; use_theme_fonts=&#8221;yes&#8221;][vc_custom_heading text=&#8221;Mandaci la tua esigenza: troveremo per te la migliore soluzione nel minor tempo possibile.&#8221; font_container=&#8221;tag:p|text_align:center&#8221; use_theme_fonts=&#8221;yes&#8221;][nectar_btn size=&#8221;large&#8221; button_style=&#8221;see-through-2&#8243; hover_text_color_override=&#8221;#ffffff&#8221; icon_family=&#8221;none&#8221; el_class=&#8221;btn_type btn_type_darkbg&#8221; url=&#8221;\/richiedi-preventivo\/&#8221; text=&#8221;COMPILA IL FORM&#8221; margin_top=&#8221;25&#8243;]<div class=\"divider-wrap\"><div style=\"height: 100px;\" class=\"divider\"><\/div><\/div>[\/vc_column][vc_column enable_animation=&#8221;true&#8221; animation=&#8221;grow-in&#8221; centered_text=&#8221;true&#8221; column_padding=&#8221;padding-6-percent&#8221; column_padding_position=&#8221;all&#8221; background_color=&#8221;#2d2d2d&#8221; background_color_opacity=&#8221;0.5&#8243; background_hover_color_opacity=&#8221;0.5&#8243; background_image=&#8221;443&#8243; enable_bg_scale=&#8221;true&#8221; column_shadow=&#8221;none&#8221; column_border_radius=&#8221;none&#8221; width=&#8221;1\/2&#8243; tablet_text_alignment=&#8221;default&#8221; phone_text_alignment=&#8221;default&#8221; column_border_width=&#8221;none&#8221; column_border_style=&#8221;solid&#8221; delay=&#8221;150&#8243;]<div class=\"divider-wrap\"><div style=\"height: 100px;\" class=\"divider\"><\/div><\/div>[vc_custom_heading text=&#8221;<i>SB3<\/i> \/ Dove siamo&#8221; font_container=&#8221;tag:h5|text_align:center|color:rgba(255%2C255%2C255%2C0.7)&#8221; use_theme_fonts=&#8221;yes&#8221; el_class=&#8221; etichetta no-opacity&#8221;][vc_custom_heading text=&#8221;Dove siamo&#8221; font_container=&#8221;tag:h2|text_align:center|color:%23ffffff&#8221; use_theme_fonts=&#8221;yes&#8221;][vc_custom_heading text=&#8221;Via Regina 6 &#8211; Cernusco Lombardone (LC)<br \/>\nTel. 039.92.70.198 &#8211; info@sb3.it&#8221; font_container=&#8221;tag:p|text_align:center&#8221; use_theme_fonts=&#8221;yes&#8221;][nectar_btn size=&#8221;large&#8221; button_style=&#8221;see-through-2&#8243; hover_text_color_override=&#8221;#ffffff&#8221; icon_family=&#8221;none&#8221; el_class=&#8221;btn_type btn_type_darkbg&#8221; url=&#8221;\/dove-siamo\/&#8221; text=&#8221;CONTATTACI&#8221; margin_top=&#8221;25&#8243;]<div class=\"divider-wrap\"><div style=\"height: 100px;\" class=\"divider\"><\/div><\/div>[\/vc_column][\/vc_row]\n","protected":false},"excerpt":{"rendered":"<p>[vc_row type=&#8221;full_width_background&#8221; full_screen_row_position=&#8221;middle&#8221; equal_height=&#8221;yes&#8221; content_placement=&#8221;top&#8221; bg_color=&#8221;#ffffff&#8221; scene_position=&#8221;center&#8221; text_color=&#8221;dark&#8221; text_align=&#8221;left&#8221; top_padding=&#8221;0&#8243; overlay_strength=&#8221;0.3&#8243; shape_divider_position=&#8221;bottom&#8221; shape_type=&#8221;&#8221;][vc_column column_padding=&#8221;no-extra-padding&#8221; column_padding_position=&#8221;all&#8221; background_color_opacity=&#8221;1&#8243; background_hover_color_opacity=&#8221;1&#8243; column_shadow=&#8221;none&#8221; column_border_radius=&#8221;none&#8221; top_margin=&#8221;0&#8243; el_class=&#8221;colonna_pag_faq&#8221; width=&#8221;1\/1&#8243; tablet_text_alignment=&#8221;default&#8221; phone_text_alignment=&#8221;default&#8221; column_border_width=&#8221;none&#8221; column_border_style=&#8221;solid&#8221;][vc_row_inner column_margin=&#8221;default&#8221; text_align=&#8221;left&#8221;][vc_column_inner enable_animation=&#8221;true&#8221; animation=&#8221;fade-in-from-bottom&#8221;&#8230;<\/p>\n","protected":false},"author":1,"featured_media":0,"parent":0,"menu_order":0,"comment_status":"closed","ping_status":"closed","template":"","meta":{"footnotes":""},"class_list":["post-571","page","type-page","status-publish"],"yoast_head":"<!-- This site is optimized with the Yoast SEO plugin v25.3.1 - https:\/\/yoast.com\/wordpress\/plugins\/seo\/ -->\n<title>FAQ - SB3 Prototipazione Rapida<\/title>\n<meta name=\"robots\" content=\"index, follow, max-snippet:-1, max-image-preview:large, max-video-preview:-1\" \/>\n<link rel=\"canonical\" href=\"https:\/\/www.sb3.it\/it\/faq\/\" \/>\n<meta property=\"og:locale\" content=\"it_IT\" \/>\n<meta property=\"og:type\" content=\"article\" \/>\n<meta property=\"og:title\" content=\"FAQ - SB3 Prototipazione Rapida\" \/>\n<meta property=\"og:description\" content=\"[vc_row type=&#8221;full_width_background&#8221; full_screen_row_position=&#8221;middle&#8221; equal_height=&#8221;yes&#8221; content_placement=&#8221;top&#8221; bg_color=&#8221;#ffffff&#8221; scene_position=&#8221;center&#8221; text_color=&#8221;dark&#8221; text_align=&#8221;left&#8221; top_padding=&#8221;0&#8243; overlay_strength=&#8221;0.3&#8243; shape_divider_position=&#8221;bottom&#8221; shape_type=&#8221;&#8221;][vc_column column_padding=&#8221;no-extra-padding&#8221; column_padding_position=&#8221;all&#8221; background_color_opacity=&#8221;1&#8243; background_hover_color_opacity=&#8221;1&#8243; column_shadow=&#8221;none&#8221; column_border_radius=&#8221;none&#8221; top_margin=&#8221;0&#8243; el_class=&#8221;colonna_pag_faq&#8221; width=&#8221;1\/1&#8243; tablet_text_alignment=&#8221;default&#8221; phone_text_alignment=&#8221;default&#8221; column_border_width=&#8221;none&#8221; column_border_style=&#8221;solid&#8221;][vc_row_inner column_margin=&#8221;default&#8221; text_align=&#8221;left&#8221;][vc_column_inner enable_animation=&#8221;true&#8221; animation=&#8221;fade-in-from-bottom&#8221;...\" \/>\n<meta property=\"og:url\" content=\"https:\/\/www.sb3.it\/it\/faq\/\" \/>\n<meta property=\"og:site_name\" content=\"SB3 Prototipazione Rapida\" \/>\n<meta property=\"article:modified_time\" content=\"2018-04-24T13:51:07+00:00\" \/>\n<meta name=\"twitter:card\" content=\"summary_large_image\" \/>\n<meta name=\"twitter:label1\" content=\"Est. reading time\" \/>\n\t<meta name=\"twitter:data1\" content=\"8 minuti\" \/>\n<script type=\"application\/ld+json\" class=\"yoast-schema-graph\">{\"@context\":\"https:\/\/schema.org\",\"@graph\":[{\"@type\":\"WebPage\",\"@id\":\"https:\/\/www.sb3.it\/it\/faq\/\",\"url\":\"https:\/\/www.sb3.it\/it\/faq\/\",\"name\":\"FAQ - SB3 Prototipazione Rapida\",\"isPartOf\":{\"@id\":\"https:\/\/www.sb3.it\/it\/#website\"},\"datePublished\":\"2018-04-17T15:52:07+00:00\",\"dateModified\":\"2018-04-24T13:51:07+00:00\",\"breadcrumb\":{\"@id\":\"https:\/\/www.sb3.it\/it\/faq\/#breadcrumb\"},\"inLanguage\":\"it-IT\",\"potentialAction\":[{\"@type\":\"ReadAction\",\"target\":[\"https:\/\/www.sb3.it\/it\/faq\/\"]}]},{\"@type\":\"BreadcrumbList\",\"@id\":\"https:\/\/www.sb3.it\/it\/faq\/#breadcrumb\",\"itemListElement\":[{\"@type\":\"ListItem\",\"position\":1,\"name\":\"Home\",\"item\":\"https:\/\/www.sb3.it\/it\/\"},{\"@type\":\"ListItem\",\"position\":2,\"name\":\"FAQ\"}]},{\"@type\":\"WebSite\",\"@id\":\"https:\/\/www.sb3.it\/it\/#website\",\"url\":\"https:\/\/www.sb3.it\/it\/\",\"name\":\"SB3 Prototipazione Rapida\",\"description\":\"Progettazione, ingegnerizzazione prodotto, preserie, finiture e servizi a corredo. Richiedi un preventivo gratuito o vieni a trovarci a Cernusco Lombardone (LC).\",\"publisher\":{\"@id\":\"https:\/\/www.sb3.it\/it\/#organization\"},\"potentialAction\":[{\"@type\":\"SearchAction\",\"target\":{\"@type\":\"EntryPoint\",\"urlTemplate\":\"https:\/\/www.sb3.it\/it\/?s={search_term_string}\"},\"query-input\":{\"@type\":\"PropertyValueSpecification\",\"valueRequired\":true,\"valueName\":\"search_term_string\"}}],\"inLanguage\":\"it-IT\"},{\"@type\":\"Organization\",\"@id\":\"https:\/\/www.sb3.it\/it\/#organization\",\"name\":\"SB3\",\"url\":\"https:\/\/www.sb3.it\/it\/\",\"logo\":{\"@type\":\"ImageObject\",\"inLanguage\":\"it-IT\",\"@id\":\"https:\/\/www.sb3.it\/it\/#\/schema\/logo\/image\/\",\"url\":\"https:\/\/www.sb3.it\/wp-content\/uploads\/2018\/04\/logo@2x.png\",\"contentUrl\":\"https:\/\/www.sb3.it\/wp-content\/uploads\/2018\/04\/logo@2x.png\",\"width\":299,\"height\":158,\"caption\":\"SB3\"},\"image\":{\"@id\":\"https:\/\/www.sb3.it\/it\/#\/schema\/logo\/image\/\"}}]}<\/script>\n<!-- \/ Yoast SEO plugin. -->","yoast_head_json":{"title":"FAQ - SB3 Prototipazione Rapida","robots":{"index":"index","follow":"follow","max-snippet":"max-snippet:-1","max-image-preview":"max-image-preview:large","max-video-preview":"max-video-preview:-1"},"canonical":"https:\/\/www.sb3.it\/it\/faq\/","og_locale":"it_IT","og_type":"article","og_title":"FAQ - SB3 Prototipazione Rapida","og_description":"[vc_row type=&#8221;full_width_background&#8221; full_screen_row_position=&#8221;middle&#8221; equal_height=&#8221;yes&#8221; content_placement=&#8221;top&#8221; bg_color=&#8221;#ffffff&#8221; scene_position=&#8221;center&#8221; text_color=&#8221;dark&#8221; text_align=&#8221;left&#8221; top_padding=&#8221;0&#8243; overlay_strength=&#8221;0.3&#8243; shape_divider_position=&#8221;bottom&#8221; shape_type=&#8221;&#8221;][vc_column column_padding=&#8221;no-extra-padding&#8221; column_padding_position=&#8221;all&#8221; background_color_opacity=&#8221;1&#8243; background_hover_color_opacity=&#8221;1&#8243; column_shadow=&#8221;none&#8221; column_border_radius=&#8221;none&#8221; top_margin=&#8221;0&#8243; el_class=&#8221;colonna_pag_faq&#8221; width=&#8221;1\/1&#8243; tablet_text_alignment=&#8221;default&#8221; phone_text_alignment=&#8221;default&#8221; column_border_width=&#8221;none&#8221; column_border_style=&#8221;solid&#8221;][vc_row_inner column_margin=&#8221;default&#8221; text_align=&#8221;left&#8221;][vc_column_inner enable_animation=&#8221;true&#8221; animation=&#8221;fade-in-from-bottom&#8221;...","og_url":"https:\/\/www.sb3.it\/it\/faq\/","og_site_name":"SB3 Prototipazione Rapida","article_modified_time":"2018-04-24T13:51:07+00:00","twitter_card":"summary_large_image","twitter_misc":{"Est. reading time":"8 minuti"},"schema":{"@context":"https:\/\/schema.org","@graph":[{"@type":"WebPage","@id":"https:\/\/www.sb3.it\/it\/faq\/","url":"https:\/\/www.sb3.it\/it\/faq\/","name":"FAQ - SB3 Prototipazione Rapida","isPartOf":{"@id":"https:\/\/www.sb3.it\/it\/#website"},"datePublished":"2018-04-17T15:52:07+00:00","dateModified":"2018-04-24T13:51:07+00:00","breadcrumb":{"@id":"https:\/\/www.sb3.it\/it\/faq\/#breadcrumb"},"inLanguage":"it-IT","potentialAction":[{"@type":"ReadAction","target":["https:\/\/www.sb3.it\/it\/faq\/"]}]},{"@type":"BreadcrumbList","@id":"https:\/\/www.sb3.it\/it\/faq\/#breadcrumb","itemListElement":[{"@type":"ListItem","position":1,"name":"Home","item":"https:\/\/www.sb3.it\/it\/"},{"@type":"ListItem","position":2,"name":"FAQ"}]},{"@type":"WebSite","@id":"https:\/\/www.sb3.it\/it\/#website","url":"https:\/\/www.sb3.it\/it\/","name":"SB3 Prototipazione Rapida","description":"Progettazione, ingegnerizzazione prodotto, preserie, finiture e servizi a corredo. Richiedi un preventivo gratuito o vieni a trovarci a Cernusco Lombardone (LC).","publisher":{"@id":"https:\/\/www.sb3.it\/it\/#organization"},"potentialAction":[{"@type":"SearchAction","target":{"@type":"EntryPoint","urlTemplate":"https:\/\/www.sb3.it\/it\/?s={search_term_string}"},"query-input":{"@type":"PropertyValueSpecification","valueRequired":true,"valueName":"search_term_string"}}],"inLanguage":"it-IT"},{"@type":"Organization","@id":"https:\/\/www.sb3.it\/it\/#organization","name":"SB3","url":"https:\/\/www.sb3.it\/it\/","logo":{"@type":"ImageObject","inLanguage":"it-IT","@id":"https:\/\/www.sb3.it\/it\/#\/schema\/logo\/image\/","url":"https:\/\/www.sb3.it\/wp-content\/uploads\/2018\/04\/logo@2x.png","contentUrl":"https:\/\/www.sb3.it\/wp-content\/uploads\/2018\/04\/logo@2x.png","width":299,"height":158,"caption":"SB3"},"image":{"@id":"https:\/\/www.sb3.it\/it\/#\/schema\/logo\/image\/"}}]}},"_links":{"self":[{"href":"https:\/\/www.sb3.it\/it\/wp-json\/wp\/v2\/pages\/571","targetHints":{"allow":["GET"]}}],"collection":[{"href":"https:\/\/www.sb3.it\/it\/wp-json\/wp\/v2\/pages"}],"about":[{"href":"https:\/\/www.sb3.it\/it\/wp-json\/wp\/v2\/types\/page"}],"author":[{"embeddable":true,"href":"https:\/\/www.sb3.it\/it\/wp-json\/wp\/v2\/users\/1"}],"replies":[{"embeddable":true,"href":"https:\/\/www.sb3.it\/it\/wp-json\/wp\/v2\/comments?post=571"}],"version-history":[{"count":54,"href":"https:\/\/www.sb3.it\/it\/wp-json\/wp\/v2\/pages\/571\/revisions"}],"predecessor-version":[{"id":1005,"href":"https:\/\/www.sb3.it\/it\/wp-json\/wp\/v2\/pages\/571\/revisions\/1005"}],"wp:attachment":[{"href":"https:\/\/www.sb3.it\/it\/wp-json\/wp\/v2\/media?parent=571"}],"curies":[{"name":"wp","href":"https:\/\/api.w.org\/{rel}","templated":true}]}}